{"id":1571,"date":"2024-09-13T13:59:34","date_gmt":"2024-09-13T13:59:34","guid":{"rendered":"https:\/\/centredmv.switch.makemagik.com\/privacy-policy\/"},"modified":"2025-03-05T19:52:06","modified_gmt":"2025-03-05T19:52:06","slug":"privacy-policy","status":"publish","type":"page","link":"https:\/\/centredmvet.com\/en\/privacy-policy\/","title":{"rendered":"Privacy policy"},"content":{"rendered":"&#13;\n<h1 class=\"wp-block-heading\">CentreDMVET Privacy Policy<\/h1>&#13;\n<p>La pr\u00e9sente Politique de confidentialit\u00e9 d\u00e9crit la fa\u00e7on dont vos informations personnelles sont recueillies, utilis\u00e9es et partag\u00e9es lorsque vous vous rendez sur https:\/\/centredmvet.com (le \u00ab Site \u00bb).<\/p>&#13;\n<p><strong>INFORMATIONS PERSONNELLES RECUEILLIES<\/strong><br\/>Lorsque vous vous rendez sur le Site, nous recueillons automatiquement certaines informations concernant votre appareil, notamment des informations sur votre navigateur web, votre adresse IP, votre fuseau horaire et certains des cookies qui sont install\u00e9s sur votre appareil. En outre, lorsque vous parcourez le Site, nous recueillons des informations sur les pages web ou produits individuels que vous consultez, les sites web ou les termes de recherche qui vous ont permis d\u2019arriver sur le Site, ainsi que des informations sur la mani\u00e8re dont vous interagissez avec le Site. Nous d\u00e9signons ces informations collect\u00e9es automatiquement sous l\u2019appellation \u00ab Informations sur l\u2019appareil \u00bb.<\/p>&#13;\n<p>Nous recueillons les Informations sur l\u2019appareil \u00e0 l\u2019aide des technologies suivantes :<\/p>&#13;\n<p><strong>FICHIERS T\u00c9MOINS (COOKIES)<\/strong><br\/>Les t\u00e9moins utilis\u00e9s sur ce site sont \u00e9num\u00e9r\u00e9s dans cette section. \u00c9galement, nous r\u00e9coltons des informations via les outils suivants :<\/p>&#13;\n<p>\u2013 Google Analytics, qui est un cookie de performance utilis\u00e9 pour suivre les visites sur notre site web et le comportement des utilisateurs sur le site. Les donn\u00e9es collect\u00e9es sont anonymes et sont utilis\u00e9es \u00e0 des fins d\u2019analyse comparative pour contr\u00f4ler la performance de notre site et mesurer l\u2019engagement des utilisateurs sur notre site.<\/p>&#13;\n<p>\u2013 Google Ads \/ Doubleclick pour le marketing publicitaire.<\/p>&#13;\n<p>\u2013 Les \u00ab fichiers journaux \u00bb suivent l\u2019activit\u00e9 du Site et recueillent des donn\u00e9es telles que votre adresse IP, le type de navigateur que vous utilisez, votre fournisseur d\u2019acc\u00e8s Internet, vos pages r\u00e9f\u00e9rentes et de sortie, et vos donn\u00e9es d\u2019horodatage (date et heure).<\/p>&#13;\n<p>\u2013 Les \u00ab pixels invisibles \u00bb, les \u00ab balises \u00bb et les \u00ab pixels \u00bb sont des fichiers \u00e9lectroniques qui enregistrent des informations sur la fa\u00e7on dont vous parcourez le Site.<\/p>&#13;\n<p><strong>COMMENT UTILISONS-NOUS VOS INFORMATIONS PERSONNELLES ?<\/strong><br\/>Nous utilisons les Informations sur l\u2019appareil (en particulier votre adresse IP) que nous recueillons pour \u00e9valuer les fraudes ou risques potentiels et, de mani\u00e8re plus g\u00e9n\u00e9rale, pour am\u00e9liorer et optimiser notre Site (par exemple, en g\u00e9n\u00e9rant des analyses sur la fa\u00e7on dont nos clients parcourent et interagissent avec le Site, et pour \u00e9valuer la r\u00e9ussite de nos campagnes de publicit\u00e9 et de marketing).<\/p>&#13;\n<p>Nous partageons vos informations personnelles avec des tiers qui nous aident \u00e0 les utiliser aux fins d\u00e9crites pr\u00e9c\u00e9demment. Par exemple, nous utilisons Google Analytics pour mieux comprendre comment nos clients utilisent le Site \u2013 pour en savoir plus sur l\u2019utilisation de vos Informations personnelles par Google, veuillez consulter la page suivante : https:\/\/www.google.com\/intl\/fr\/policies\/privacy\/. Vous pouvez aussi d\u00e9sactiver Google Analytics ici : https:\/\/tools.google.com\/dlpage\/gaoptout.<\/p>&#13;\n<p>Enfin, il se peut que nous partagions aussi vos informations personnelles pour respecter les lois et r\u00e9glementations applicables, r\u00e9pondre \u00e0 une assignation, \u00e0 un mandat de perquisition ou \u00e0 toute autre demande l\u00e9gale de renseignements que nous recevons, ou pour prot\u00e9ger nos droits.<\/p>&#13;\n<p><strong>NE PAS SUIVRE<\/strong><br\/>Veuillez noter que nous ne modifions pas la collecte de donn\u00e9es de notre Site et nos pratiques d\u2019utilisation lorsque nous d\u00e9tectons un signal \u00ab Ne pas suivre \u00bb sur votre navigateur.<\/p>&#13;\n<p><strong>CHANGEMENTS<\/strong><br\/>Nous pouvons \u00eatre amen\u00e9s \u00e0 modifier la pr\u00e9sente politique de confidentialit\u00e9 de temps \u00e0 autre afin d\u2019y refl\u00e9ter, par exemple, les changements apport\u00e9s \u00e0 nos pratiques ou pour d\u2019autres motifs op\u00e9rationnels, juridiques ou r\u00e9glementaires.<\/p>&#13;\n<p><strong>VOS DROITS<\/strong><br\/>Vous avez le droit de demander l\u2019effacement des renseignements personnels que nous d\u00e9tenons sur vous. Pour ce faire, veuillez nous contacter \u00e0 l\u2019adresse mentionn\u00e9e ci-dessous.<\/p>&#13;\n<p><b>PUBLICIT\u00c9 COMPORTEMENTALE<\/b><\/p>&#13;\n<p>Comme indiqu\u00e9 ci-dessus, nous utilisons vos Informations personnelles pour vous proposer des publicit\u00e9s cibl\u00e9es ou des messages de marketing qui, selon nous, pourraient vous int\u00e9resser.\u00a0 Pour en savoir plus sur le fonctionnement de la publicit\u00e9 cibl\u00e9e, vous pouvez consulter la page d\u2019information de la Network Advertising Initiative (NAI) \u00e0 l\u2019adresse suivante : https:\/\/www.networkadvertising.org\/understanding-online-advertising\/how-does-it-work.<\/p>&#13;\n<p>Vous pouvez refuser la publicit\u00e9 cibl\u00e9e ici :<\/p>&#13;\n<p>\u00a0\u00a0\u00a0\u00a0FACEBOOK \u2013 https:\/\/www.facebook.com\/settings\/?tab=ads<\/p>&#13;\n<p>\u00a0\u00a0\u00a0\u00a0GOOGLE \u2013 https:\/\/www.google.com\/settings\/ads\/anonymous<\/p>&#13;\n<p>\u00a0\u00a0\u00a0\u00a0BING \u2013 https:\/\/about.ads.microsoft.com\/fr-fr\/ressources\/politiques\/annonces-personnalisees<\/p>&#13;\n<p>En outre, vous pouvez refuser certains de ces services en vous rendant sur le portail de d\u00e9sactivation de Digital Advertising Alliance \u00e0 l\u2019adresse suivante : https:\/\/optout.aboutads.info\/?c=3&amp;lang=fr.<\/p>&#13;\n<p><strong>NOUS CONTACTER<\/strong><br\/>Pour en savoir plus sur nos pratiques de confidentialit\u00e9, si vous avez des questions ou si vous souhaitez d\u00e9poser une r\u00e9clamation, veuillez nous contacter le responsable de la protection des renseignements personnels par e-mail \u00e0\u00a0vieprivee@centredmvet.com<\/p>&#13;\n<hr\/>&#13;\n<p>Date de derni\u00e8re modification de la politique de confidentialit\u00e9: 19 septembre 2023<\/p>","protected":false},"excerpt":{"rendered":"<p>&#13; CentreDMVET Privacy Policy &#13; La pr\u00e9sente Politique de confidentialit\u00e9 d\u00e9crit la fa\u00e7on dont vos informations personnelles sont recueillies, utilis\u00e9es et partag\u00e9es lorsque vous vous rendez sur https:\/\/centredmvet.com (le \u00ab&#8230;<\/p>\n","protected":false},"author":1,"featured_media":0,"parent":0,"menu_order":0,"comment_status":"closed","ping_status":"closed","template":"","meta":{"_acf_changed":false,"inline_featured_image":false,"footnotes":""},"class_list":["post-1571","page","type-page","status-publish"],"acf":[],"yoast_head":"<!-- This site is optimized with the Yoast SEO plugin v26.9 - https:\/\/yoast.com\/product\/yoast-seo-wordpress\/ -->\n<title>Privacy policy - CENTREDMVET<\/title>\n<meta name=\"robots\" content=\"index, follow, max-snippet:-1, max-image-preview:large, max-video-preview:-1\" \/>\n<link rel=\"canonical\" href=\"https:\/\/centredmvet.com\/en\/privacy-policy\/\" \/>\n<meta property=\"og:locale\" content=\"en_US\" \/>\n<meta property=\"og:type\" content=\"article\" \/>\n<meta property=\"og:title\" content=\"Privacy policy - CENTREDMVET\" \/>\n<meta property=\"og:description\" content=\"&#013; CentreDMVET Privacy Policy &#013; La pr\u00e9sente Politique de confidentialit\u00e9 d\u00e9crit la fa\u00e7on dont vos informations personnelles sont recueillies, utilis\u00e9es et partag\u00e9es lorsque vous vous rendez sur https:\/\/centredmvet.com (le \u00ab...\" \/>\n<meta property=\"og:url\" content=\"https:\/\/centredmvet.com\/en\/privacy-policy\/\" \/>\n<meta property=\"og:site_name\" content=\"CENTREDMVET\" \/>\n<meta property=\"article:modified_time\" content=\"2025-03-05T19:52:06+00:00\" \/>\n<meta name=\"twitter:card\" content=\"summary_large_image\" \/>\n<meta name=\"twitter:label1\" content=\"Est. reading time\" \/>\n\t<meta name=\"twitter:data1\" content=\"4 minutes\" \/>\n<script type=\"application\/ld+json\" class=\"yoast-schema-graph\">{\"@context\":\"https:\/\/schema.org\",\"@graph\":[{\"@type\":\"WebPage\",\"@id\":\"https:\/\/centredmvet.com\/en\/privacy-policy\/\",\"url\":\"https:\/\/centredmvet.com\/en\/privacy-policy\/\",\"name\":\"Privacy policy - CENTREDMVET\",\"isPartOf\":{\"@id\":\"https:\/\/centredmvet.com\/#website\"},\"datePublished\":\"2024-09-13T13:59:34+00:00\",\"dateModified\":\"2025-03-05T19:52:06+00:00\",\"breadcrumb\":{\"@id\":\"https:\/\/centredmvet.com\/en\/privacy-policy\/#breadcrumb\"},\"inLanguage\":\"en-CA\",\"potentialAction\":[{\"@type\":\"ReadAction\",\"target\":[\"https:\/\/centredmvet.com\/en\/privacy-policy\/\"]}]},{\"@type\":\"BreadcrumbList\",\"@id\":\"https:\/\/centredmvet.com\/en\/privacy-policy\/#breadcrumb\",\"itemListElement\":[{\"@type\":\"ListItem\",\"position\":1,\"name\":\"Accueil\",\"item\":\"https:\/\/centredmvet.com\/\"},{\"@type\":\"ListItem\",\"position\":2,\"name\":\"Privacy policy\"}]},{\"@type\":\"WebSite\",\"@id\":\"https:\/\/centredmvet.com\/#website\",\"url\":\"https:\/\/centredmvet.com\/\",\"name\":\"CENTREDMVET\",\"description\":\"\",\"potentialAction\":[{\"@type\":\"SearchAction\",\"target\":{\"@type\":\"EntryPoint\",\"urlTemplate\":\"https:\/\/centredmvet.com\/?s={search_term_string}\"},\"query-input\":{\"@type\":\"PropertyValueSpecification\",\"valueRequired\":true,\"valueName\":\"search_term_string\"}}],\"inLanguage\":\"en-CA\"}]}<\/script>\n<!-- \/ Yoast SEO plugin. -->","yoast_head_json":{"title":"Privacy policy - CENTREDMVET","robots":{"index":"index","follow":"follow","max-snippet":"max-snippet:-1","max-image-preview":"max-image-preview:large","max-video-preview":"max-video-preview:-1"},"canonical":"https:\/\/centredmvet.com\/en\/privacy-policy\/","og_locale":"en_US","og_type":"article","og_title":"Privacy policy - CENTREDMVET","og_description":"&#13; CentreDMVET Privacy Policy &#13; La pr\u00e9sente Politique de confidentialit\u00e9 d\u00e9crit la fa\u00e7on dont vos informations personnelles sont recueillies, utilis\u00e9es et partag\u00e9es lorsque vous vous rendez sur https:\/\/centredmvet.com (le \u00ab...","og_url":"https:\/\/centredmvet.com\/en\/privacy-policy\/","og_site_name":"CENTREDMVET","article_modified_time":"2025-03-05T19:52:06+00:00","twitter_card":"summary_large_image","twitter_misc":{"Est. reading time":"4 minutes"},"schema":{"@context":"https:\/\/schema.org","@graph":[{"@type":"WebPage","@id":"https:\/\/centredmvet.com\/en\/privacy-policy\/","url":"https:\/\/centredmvet.com\/en\/privacy-policy\/","name":"Privacy policy - CENTREDMVET","isPartOf":{"@id":"https:\/\/centredmvet.com\/#website"},"datePublished":"2024-09-13T13:59:34+00:00","dateModified":"2025-03-05T19:52:06+00:00","breadcrumb":{"@id":"https:\/\/centredmvet.com\/en\/privacy-policy\/#breadcrumb"},"inLanguage":"en-CA","potentialAction":[{"@type":"ReadAction","target":["https:\/\/centredmvet.com\/en\/privacy-policy\/"]}]},{"@type":"BreadcrumbList","@id":"https:\/\/centredmvet.com\/en\/privacy-policy\/#breadcrumb","itemListElement":[{"@type":"ListItem","position":1,"name":"Accueil","item":"https:\/\/centredmvet.com\/"},{"@type":"ListItem","position":2,"name":"Privacy policy"}]},{"@type":"WebSite","@id":"https:\/\/centredmvet.com\/#website","url":"https:\/\/centredmvet.com\/","name":"CENTREDMVET","description":"","potentialAction":[{"@type":"SearchAction","target":{"@type":"EntryPoint","urlTemplate":"https:\/\/centredmvet.com\/?s={search_term_string}"},"query-input":{"@type":"PropertyValueSpecification","valueRequired":true,"valueName":"search_term_string"}}],"inLanguage":"en-CA"}]}},"_links":{"self":[{"href":"https:\/\/centredmvet.com\/en\/wp-json\/wp\/v2\/pages\/1571","targetHints":{"allow":["GET"]}}],"collection":[{"href":"https:\/\/centredmvet.com\/en\/wp-json\/wp\/v2\/pages"}],"about":[{"href":"https:\/\/centredmvet.com\/en\/wp-json\/wp\/v2\/types\/page"}],"author":[{"embeddable":true,"href":"https:\/\/centredmvet.com\/en\/wp-json\/wp\/v2\/users\/1"}],"replies":[{"embeddable":true,"href":"https:\/\/centredmvet.com\/en\/wp-json\/wp\/v2\/comments?post=1571"}],"version-history":[{"count":1,"href":"https:\/\/centredmvet.com\/en\/wp-json\/wp\/v2\/pages\/1571\/revisions"}],"predecessor-version":[{"id":1572,"href":"https:\/\/centredmvet.com\/en\/wp-json\/wp\/v2\/pages\/1571\/revisions\/1572"}],"wp:attachment":[{"href":"https:\/\/centredmvet.com\/en\/wp-json\/wp\/v2\/media?parent=1571"}],"curies":[{"name":"wp","href":"https:\/\/api.w.org\/{rel}","templated":true}]}}